{"id":1053,"date":"2014-09-03T02:36:26","date_gmt":"2014-09-03T00:36:26","guid":{"rendered":"http:\/\/dirtyraggasquad.de\/?page_id=1053"},"modified":"2019-05-16T09:21:25","modified_gmt":"2019-05-16T07:21:25","slug":"dancehallvibes","status":"publish","type":"page","link":"http:\/\/dirtyraggasquad.de\/?page_id=1053","title":{"rendered":"DancehallVibes"},"content":{"rendered":"\r\n\t<div id=\"fws_69d16d13a7303\" class=\"wpb_row vc_row-fluid full-width-content standard_section    \"  style=\"background-color: #ffffff; padding-top: 50px; padding-bottom: 0px; \"><div class=\"col span_12 dark center\">\n\t<div  class=\"vc_span12 wpb_column column_container col no-extra-padding\"  data-animation=\"\" data-delay=\"0\">\n\t\t<div class=\"wpb_wrapper\">\n\t\t\t<a href=\"https:\/\/www.facebook.com\/dancehallvibesberlin\" target=\"_self\" class=\"right\"><img decoding=\"async\" class=\"img-with-animation\" data-delay=\"0\" data-animation=\"fade-in\" src=\"http:\/\/dirtyraggasquad.de\/wp-content\/uploads\/2014\/09\/logodance.png\" alt=\"\" \/><\/a>\n\t\t<\/div> \n\t<\/div> \n<\/div><\/div>\r\n\t<div id=\"fws_69d16d13a77ff\" class=\"wpb_row vc_row-fluid full-width-section standard_section    \"  style=\"background-color: #ffffff; padding-top: 30px; padding-bottom: 30px; \"><div class=\"col span_12 dark right\">\n\t<div  class=\"vc_span6 wpb_column column_container col no-extra-padding\"  data-animation=\"\" data-delay=\"0\">\n\t\t<div class=\"wpb_wrapper\">\n\t\t\t\n\t<div class=\"wpb_text_column wpb_content_element \">\n\t\t<div class=\"wpb_wrapper\">\n\t\t\t<h3 style=\"text-align: left;\">DANCEHALLVIBES \u2013 hier spielt die Musik!<\/h3>\n<p style=\"text-align: left;\">Seit 2004 hei\u00dft es f\u00fcr Berliner Partyg\u00e4nger regelm\u00e4\u00dfig: It\u00b4s time for DANCEHALLVIBES!<br \/>\nZuerst steppte der B\u00e4r im ber\u00fchmt-ber\u00fcchtigten SO36. Sp\u00e4ter war man dann zu Gast im Cassiopeia, im Calabash und im Rosis. 2009 zog die Crew ins legend\u00e4re Yaam wo man bis Heute zu Hause ist.<br \/>\nNach etwa einhundert Partys mit hunderten von Live Acts und DJs ist DANCEHALLVIBES aus der Berliner Reggae-Szene nicht mehr wegzudenken, und Dirty Ragga Squad ist ein europaweit bekannter Name, der f\u00fcr ein basslastiges und tanzbares Sound-Erlebnis steht.<br \/>\nInternationale Stars wie auch Gr\u00f6\u00dfen aus der einheimischen Szene reichen sich hier Mixer und Mic weiter. So veranstaltete DANCEHALLVIBES unter anderem die ersten Berliner Live-Auftritte von Ronny Trettmann und Rebellion the Recaller. Auch Culcha Candela hatte man bereits 2005 im Boot.<br \/>\nDer musikalische Fokus liegt bei DANCEHALLVIBES traditionell auf karibischen Reggae- und Dancehall-Produktionen. Jedoch steht stets die Liebe zur Musik im Vordergrund und so l\u00e4sst man sich nicht von musikalischen Genregrenzen abschrecken. Versatile Style ist die Devise!<\/p>\n\n\t\t<\/div> \n\t<\/div> \n\t\t<\/div> \n\t<\/div> \n\n\t<div  class=\"vc_span6 wpb_column column_container col no-extra-padding\"  data-animation=\"\" data-delay=\"0\">\n\t\t<div class=\"wpb_wrapper\">\n\t\t\t\n\t<div class=\"wpb_text_column wpb_content_element \">\n\t\t<div class=\"wpb_wrapper\">\n\t\t\t<h3 style=\"text-align: left;\">DANCEHALLVIBES \u2013 this is where the action is!<\/h3>\n<p style=\"text-align: left;\">Since 2004 Berlin partygoers know: It\u00b4s time for DANCEHALLVIBES!<br \/>\nIt all started at the infamous SO36 followed by guest stints at the clubs Cassiopeia, Calabash and Rosi\u2019s. In 2009 the crew moved to the legendary Yaam, where they are to this day.<br \/>\nAfter more than a hundred parties with even more live acts and DJs, one couldn\u2019t imagine the Berlin reggae scene without DANCEHALLVIBES. And Dirty Ragga Squad has become a household name throughout Europe for a bass heavy and dance inducing sound experience.<br \/>\nIt\u2019s the place to be for international stars as well as local greats. DANCEHALLVIBES hosted the first live gigs in Berlin for Ronny Trettmann and Rebellion the Recaller, among others.\u00a0Culcha Candela were here already in 2005.<br \/>\nDANCEHALLVIBES focuses musically on traditional Caribbean reggae and dancehall productions. But the love for music comes before everything and there is no fear to delve into other genres.\u00a0Versatile style is the motto!<\/p>\n<p style=\"text-align: left;\">\n\n\t\t<\/div> \n\t<\/div> \n\t\t<\/div> \n\t<\/div> \n<\/div><\/div>\r\n\t<div id=\"fws_69d16d13a7bea\" class=\"wpb_row vc_row-fluid full-width-section standard_section    \"  style=\"background-color: #0a0101; padding-top: 30px; padding-bottom: 20px; \"><div class=\"col span_12 light left\">\n\t<div  class=\"vc_span12 wpb_column column_container col no-extra-padding\"  data-animation=\"\" data-delay=\"0\">\n\t\t<div class=\"wpb_wrapper\">\n\t\t\t\n\t<div class=\"wpb_text_column wpb_content_element \">\n\t\t<div class=\"wpb_wrapper\">\n\t\t\t<h2 style=\"text-align: center;\">Check out our Facebook! <a class=\"nectar-button medium see-through\"  href=\"https:\/\/www.facebook.com\/dancehallvibesberlin\" data-color-override=\"false\"><span>Get In Touch<\/span> <\/a><\/h2>\n\n\t\t<\/div> \n\t<\/div> \n\t\t<\/div> \n\t<\/div> \n<\/div><\/div>\n<p><\/p>","protected":false},"excerpt":{"rendered":"","protected":false},"author":1,"featured_media":0,"parent":0,"menu_order":0,"comment_status":"open","ping_status":"open","template":"","meta":{"footnotes":""},"class_list":["post-1053","page","type-page","status-publish","hentry"],"_links":{"self":[{"href":"http:\/\/dirtyraggasquad.de\/index.php?rest_route=\/wp\/v2\/pages\/1053","targetHints":{"allow":["GET"]}}],"collection":[{"href":"http:\/\/dirtyraggasquad.de\/index.php?rest_route=\/wp\/v2\/pages"}],"about":[{"href":"http:\/\/dirtyraggasquad.de\/index.php?rest_route=\/wp\/v2\/types\/page"}],"author":[{"embeddable":true,"href":"http:\/\/dirtyraggasquad.de\/index.php?rest_route=\/wp\/v2\/users\/1"}],"replies":[{"embeddable":true,"href":"http:\/\/dirtyraggasquad.de\/index.php?rest_route=%2Fwp%2Fv2%2Fcomments&post=1053"}],"version-history":[{"count":15,"href":"http:\/\/dirtyraggasquad.de\/index.php?rest_route=\/wp\/v2\/pages\/1053\/revisions"}],"predecessor-version":[{"id":1285,"href":"http:\/\/dirtyraggasquad.de\/index.php?rest_route=\/wp\/v2\/pages\/1053\/revisions\/1285"}],"wp:attachment":[{"href":"http:\/\/dirtyraggasquad.de\/index.php?rest_route=%2Fwp%2Fv2%2Fmedia&parent=1053"}],"curies":[{"name":"wp","href":"https:\/\/api.w.org\/{rel}","templated":true}]}}